{"id":846,"date":"2024-01-16T11:40:42","date_gmt":"2024-01-16T11:40:42","guid":{"rendered":"https:\/\/eyvindartunga.is\/events\/"},"modified":"2024-04-12T11:27:00","modified_gmt":"2024-04-12T11:27:00","slug":"events","status":"publish","type":"page","link":"https:\/\/eyvindartunga.is\/en\/events\/","title":{"rendered":"Events"},"content":{"rendered":"\n[et_pb_section fb_built=&#8221;1&#8243; admin_label=&#8221;About&#8221; _builder_version=&#8221;4.24.2&#8243; _module_preset=&#8221;default&#8221; background_color=&#8221;#F9F9F9&#8243; custom_padding=&#8221;||4px|||&#8221; background_last_edited=&#8221;on|desktop&#8221; use_background_color_gradient_tablet=&#8221;off&#8221; use_background_color_gradient_phone=&#8221;off&#8221; locked=&#8221;off&#8221; collapsed=&#8221;on&#8221; global_colors_info=&#8221;{}&#8221;][et_pb_row column_structure=&#8221;1_2,1_2&#8243; _builder_version=&#8221;4.23.4&#8243; _module_preset=&#8221;default&#8221; global_colors_info=&#8221;{}&#8221;][et_pb_column type=&#8221;1_2&#8243; _builder_version=&#8221;4.23.4&#8243; _module_preset=&#8221;default&#8221; global_colors_info=&#8221;{}&#8221;][et_pb_text _builder_version=&#8221;4.24.2&#8243; _module_preset=&#8221;1d4955c7-111f-4ad6-b2af-f5262c3c2b37&#8243; header_font=&#8221;|600|||||||&#8221; header_text_color=&#8221;#27292F&#8221; header_font_size=&#8221;60px&#8221; header_2_font=&#8221;|600|||||||&#8221; header_2_text_align=&#8221;left&#8221; header_2_text_color=&#8221;#000000&#8243; header_2_font_size=&#8221;45px&#8221; header_4_font=&#8221;Inter|||on|||||&#8221; header_4_text_align=&#8221;left&#8221; header_4_text_color=&#8221;#27292F&#8221; header_4_font_size=&#8221;16px&#8221; header_4_letter_spacing=&#8221;2px&#8221; header_4_line_height=&#8221;3em&#8221; header_2_font_size_tablet=&#8221;37px&#8221; header_2_font_size_phone=&#8221;28px&#8221; header_2_font_size_last_edited=&#8221;on|phone&#8221; header_4_font_size_tablet=&#8221;12px&#8221; header_4_font_size_phone=&#8221;12px&#8221; header_4_font_size_last_edited=&#8221;on|tablet&#8221; locked=&#8221;off&#8221; global_colors_info=&#8221;{}&#8221;]<h4>Events<\/h4>\n<h2>Open events in the barn<\/h2>\n<p><span style=\"font-weight: 400;\">We often host public concerts, dinners and other events that are open to the public. We advertise upcoming events on our facebook page, so follow us for more updates.<\/span><\/p>[\/et_pb_text][\/et_pb_column][et_pb_column type=&#8221;1_2&#8243; _builder_version=&#8221;4.23.4&#8243; _module_preset=&#8221;default&#8221; global_colors_info=&#8221;{}&#8221;][\/et_pb_column][\/et_pb_row][et_pb_row _builder_version=&#8221;4.24.2&#8243; _module_preset=&#8221;default&#8221;][et_pb_column _builder_version=&#8221;4.24.2&#8243; _module_preset=&#8221;default&#8221; type=&#8221;4_4&#8243;][ba_card title=&#8221;KK plays in Eyvindartunga&#8221; description=&#8221;&lt;p&gt;Friday night 29 March KK plans to attend Hladan in Eyvindartunga and play all his best songs and tell related stories :)&lt;\/p&gt;\n&lt;p&gt;Who doesn&#039;t remember songs like Vegb\u00fan, \u00dast\u00ed no worri\u00f0, Lucky one, Love and time, \u00dej\u00f3\u00f0vegur 66 and Bein l\u00ed\u00f0?&lt;\/p&gt;\n&lt;p&gt;Don&#039;t miss this unique opportunity to see and hear KK up close.&lt;\/p&gt;&#8221; use_button=&#8221;on&#8221; button_text=&#8221;Buy a ticket&#8221; button_link=&#8221;https:\/\/tix.is\/is\/event\/16964\/kk-i-eyvindartungu?fbclid=IwAR0HLfAwQ9_rbEEGtdrm2Uf-UisAo-7afqZcYpj80w3_6KULO2HZbeyw2Cs&#8221; is_new_window=&#8221;on&#8221; _builder_version=&#8221;4.24.2&#8243; _module_preset=&#8221;default&#8221; title_font=&#8221;|600|||||||&#8221; title_text_color=&#8221;#851700&#8243; title_font_size=&#8221;28px&#8221; background_color=&#8221;#eaeaea&#8221; title_font_size_tablet=&#8221;24px&#8221; title_font_size_phone=&#8221;22px&#8221; title_font_size_last_edited=&#8221;on|phone&#8221; border_radii_card=&#8221;on|12px|12px|12px|12px&#8221; global_colors_info=&#8221;{}&#8221;][\/ba_card][ba_card title=&#8221;Burlesque with Magga Maack 12. April&#8221; description=&#8221;&lt;p&gt;Follow Eyvindartunga&#039;s facebook page for further updates.&lt;\/p&gt;&#8221; _builder_version=&#8221;4.24.2&#8243; _module_preset=&#8221;default&#8221; title_font=&#8221;|600|||||||&#8221; title_text_color=&#8221;#851700&#8243; title_font_size=&#8221;28px&#8221; background_color=&#8221;#eaeaea&#8221; title_font_size_tablet=&#8221;24px&#8221; title_font_size_phone=&#8221;22px&#8221; title_font_size_last_edited=&#8221;on|phone&#8221; border_radii_card=&#8221;on|12px|12px|12px|12px&#8221; global_colors_info=&#8221;{}&#8221;][\/ba_card][ba_card title=&#8221;May course in cocktail creation 24. May&#8221; description=&#8221;&lt;p&gt;Follow Eyvindartunga&#039;s facebook page for further updates.&lt;\/p&gt;&#8221; _builder_version=&#8221;4.24.2&#8243; _module_preset=&#8221;default&#8221; title_font=&#8221;|600|||||||&#8221; title_text_color=&#8221;#851700&#8243; title_font_size=&#8221;28px&#8221; background_color=&#8221;#eaeaea&#8221; title_font_size_tablet=&#8221;24px&#8221; title_font_size_phone=&#8221;22px&#8221; title_font_size_last_edited=&#8221;on|phone&#8221; border_radii_card=&#8221;on|12px|12px|12px|12px&#8221; global_colors_info=&#8221;{}&#8221;][\/ba_card][ba_card title=&#8221;Svavar Kn\u00fatur 22. June&#8221; description=&#8221;&lt;p&gt;Follow Eyvindartunga&#039;s facebook page for further updates.&lt;\/p&gt;&#8221; _builder_version=&#8221;4.24.2&#8243; _module_preset=&#8221;default&#8221; title_font=&#8221;|600|||||||&#8221; title_text_color=&#8221;#851700&#8243; title_font_size=&#8221;28px&#8221; background_color=&#8221;#eaeaea&#8221; title_font_size_tablet=&#8221;24px&#8221; title_font_size_phone=&#8221;22px&#8221; title_font_size_last_edited=&#8221;on|phone&#8221; border_radii_card=&#8221;on|12px|12px|12px|12px&#8221; global_colors_info=&#8221;{}&#8221;][\/ba_card][\/et_pb_column][\/et_pb_row][et_pb_row use_custom_gutter=&#8221;on&#8221; gutter_width=&#8221;1&#8243; _builder_version=&#8221;4.23.4&#8243; _module_preset=&#8221;default&#8221; width=&#8221;100%&#8221; max_width=&#8221;100%&#8221; custom_padding=&#8221;||0px|||&#8221; global_colors_info=&#8221;{}&#8221;][et_pb_column type=&#8221;4_4&#8243; _builder_version=&#8221;4.23.4&#8243; _module_preset=&#8221;default&#8221; global_colors_info=&#8221;{}&#8221;][ba_image_carousel animation_speed=&#8221;2900ms&#8221; autoplay_speed=&#8221;3600ms&#8221; slide_count=&#8221;5&#8243; slide_count_tablet=&#8221;2&#8243; slide_count_phone=&#8221;1&#8243; slide_count_last_edited=&#8221;on|phone&#8221; _builder_version=&#8221;4.24.2&#8243; _module_preset=&#8221;default&#8221; global_colors_info=&#8221;{}&#8221;][ba_image_carousel_child _builder_version=&#8221;4.24.2&#8243; _module_preset=&#8221;default&#8221; background_image=&#8221;https:\/\/eyvindartunga.is\/wp-content\/uploads\/2024\/03\/Eyvindartunga_hladan_opniberar_myndir_1.jpg&#8221; background_enable_image=&#8221;on&#8221; custom_padding=&#8221;300px||300px||true|false&#8221; global_colors_info=&#8221;{}&#8221;][\/ba_image_carousel_child][ba_image_carousel_child _builder_version=&#8221;4.24.2&#8243; _module_preset=&#8221;default&#8221; background_image=&#8221;https:\/\/eyvindartunga.is\/wp-content\/uploads\/2024\/03\/Eyvindartunga_hladan_opniberar_myndir_2.jpg&#8221; background_enable_image=&#8221;on&#8221; custom_padding=&#8221;300px||300px||true|false&#8221; global_colors_info=&#8221;{}&#8221;][\/ba_image_carousel_child][ba_image_carousel_child _builder_version=&#8221;4.24.2&#8243; _module_preset=&#8221;default&#8221; background_image=&#8221;https:\/\/eyvindartunga.is\/wp-content\/uploads\/2024\/03\/Eyvindartunga_hladan_opniberar_myndir_3.jpg&#8221; background_enable_image=&#8221;on&#8221; custom_padding=&#8221;300px||300px||true|false&#8221; global_colors_info=&#8221;{}&#8221;][\/ba_image_carousel_child][ba_image_carousel_child _builder_version=&#8221;4.24.2&#8243; _module_preset=&#8221;default&#8221; background_image=&#8221;https:\/\/eyvindartunga.is\/wp-content\/uploads\/2024\/03\/Eyvindartunga_hladan_opniberar_myndir_4.jpg&#8221; background_enable_image=&#8221;on&#8221; custom_padding=&#8221;300px||300px||true|false&#8221; global_colors_info=&#8221;{}&#8221;][\/ba_image_carousel_child][ba_image_carousel_child _builder_version=&#8221;4.24.2&#8243; _module_preset=&#8221;default&#8221; background_image=&#8221;https:\/\/eyvindartunga.is\/wp-content\/uploads\/2024\/03\/Eyvindartunga_hladan_opniberar_myndir_5.jpg&#8221; background_enable_image=&#8221;on&#8221; custom_padding=&#8221;300px||300px||true|false&#8221; global_colors_info=&#8221;{}&#8221;][\/ba_image_carousel_child][ba_image_carousel_child _builder_version=&#8221;4.24.2&#8243; _module_preset=&#8221;default&#8221; background_image=&#8221;https:\/\/eyvindartunga.is\/wp-content\/uploads\/2024\/03\/Eyvindartunga_hladan_opniberar_myndir_6.jpg&#8221; background_enable_image=&#8221;on&#8221; custom_padding=&#8221;300px||300px||true|false&#8221; global_colors_info=&#8221;{}&#8221;][\/ba_image_carousel_child][ba_image_carousel_child _builder_version=&#8221;4.24.2&#8243; _module_preset=&#8221;default&#8221; background_image=&#8221;https:\/\/eyvindartunga.is\/wp-content\/uploads\/2024\/03\/Eyvindartunga_hladan_opniberar_myndir_7.jpg&#8221; background_enable_image=&#8221;on&#8221; custom_padding=&#8221;300px||300px||true|false&#8221; global_colors_info=&#8221;{}&#8221;][\/ba_image_carousel_child][ba_image_carousel_child _builder_version=&#8221;4.24.2&#8243; _module_preset=&#8221;default&#8221; background_image=&#8221;https:\/\/eyvindartunga.is\/wp-content\/uploads\/2024\/03\/Eyvindartunga_hladan_opniberar_myndir_8.jpg&#8221; background_enable_image=&#8221;on&#8221; custom_padding=&#8221;300px||300px||true|false&#8221; global_colors_info=&#8221;{}&#8221;][\/ba_image_carousel_child][ba_image_carousel_child _builder_version=&#8221;4.24.2&#8243; _module_preset=&#8221;default&#8221; background_image=&#8221;https:\/\/eyvindartunga.is\/wp-content\/uploads\/2024\/03\/Eyvindartunga_hladan_opniberar_myndir_9.jpg&#8221; background_enable_image=&#8221;on&#8221; custom_padding=&#8221;300px||300px||true|false&#8221; global_colors_info=&#8221;{}&#8221;][\/ba_image_carousel_child][ba_image_carousel_child _builder_version=&#8221;4.24.2&#8243; _module_preset=&#8221;default&#8221; background_image=&#8221;https:\/\/eyvindartunga.is\/wp-content\/uploads\/2024\/03\/Eyvindartunga_hladan_opniberar_myndir_10.jpg&#8221; background_enable_image=&#8221;on&#8221; custom_padding=&#8221;300px||300px||true|false&#8221; global_colors_info=&#8221;{}&#8221;][\/ba_image_carousel_child][ba_image_carousel_child _builder_version=&#8221;4.24.2&#8243; _module_preset=&#8221;default&#8221; background_image=&#8221;https:\/\/eyvindartunga.is\/wp-content\/uploads\/2024\/03\/Eyvindartunga_hladan_opniberar_myndir_11.jpg&#8221; background_enable_image=&#8221;on&#8221; custom_padding=&#8221;300px||300px||true|false&#8221; global_colors_info=&#8221;{}&#8221;][\/ba_image_carousel_child][ba_image_carousel_child _builder_version=&#8221;4.24.2&#8243; _module_preset=&#8221;default&#8221; background_image=&#8221;https:\/\/eyvindartunga.is\/wp-content\/uploads\/2024\/03\/Eyvindartunga_hladan_opniberar_myndir_12.jpg&#8221; background_enable_image=&#8221;on&#8221; custom_padding=&#8221;300px||300px||true|false&#8221; global_colors_info=&#8221;{}&#8221;][\/ba_image_carousel_child][ba_image_carousel_child _builder_version=&#8221;4.24.2&#8243; _module_preset=&#8221;default&#8221; background_image=&#8221;https:\/\/eyvindartunga.is\/wp-content\/uploads\/2024\/03\/Eyvindartunga_hladan_opniberar_myndir_13.jpg&#8221; background_enable_image=&#8221;on&#8221; custom_padding=&#8221;300px||300px||true|false&#8221; global_colors_info=&#8221;{}&#8221;][\/ba_image_carousel_child][ba_image_carousel_child _builder_version=&#8221;4.24.2&#8243; _module_preset=&#8221;default&#8221; background_image=&#8221;https:\/\/eyvindartunga.is\/wp-content\/uploads\/2024\/03\/Eyvindartunga_hladan_opniberar_myndir_14.jpg&#8221; background_enable_image=&#8221;on&#8221; custom_padding=&#8221;300px||300px||true|false&#8221; global_colors_info=&#8221;{}&#8221;][\/ba_image_carousel_child][\/ba_image_carousel][\/et_pb_column][\/et_pb_row][\/et_pb_section]\n","protected":false},"excerpt":{"rendered":"<p>Events Open events in the barn We often host public concerts, dinners and other events that are open to the public. We advertise upcoming events on our facebook page, so follow us for more updates.<div class=\"et_pb_module ba_card ba_card_0\">\n\t\t\t\t\n\t\t\t\t\n\t\t\t\t\n\t\t\t\t\n\t\t\t\t\n\t\t\t\t\n\t\t\t\t<div class=\"et_pb_module_inner\">\n\t\t\t\t\t<div class=\"dtq-module dtq-card dtq-swapped-img-selector dtq-hover--none use-icon-off\">\n                  <div class=\"dtq-card-content\"><h3 class=\"dtq-card-title\">&#8221;KK<\/h3> <div class=\"dtq-card-desc\">&#8221;&lt;p&gt;Friday<\/div> <\/div>\n            <\/div>\n\t\t\t\t<\/div>\n\t\t\t<\/div><\/p>\n","protected":false},"author":2,"featured_media":0,"parent":0,"menu_order":0,"comment_status":"closed","ping_status":"closed","template":"","meta":{"_et_pb_use_builder":"on","_et_pb_old_content":"","_et_gb_content_width":"","footnotes":""},"class_list":["post-846","page","type-page","status-publish","hentry"],"yoast_head":"<!-- This site is optimized with the Yoast SEO plugin v27.1.1 - https:\/\/yoast.com\/product\/yoast-seo-wordpress\/ -->\n<title>Eyvindartunga - Events - Einst\u00f6k sveitaupplifun vi\u00f0 Laugarvatn<\/title>\n<meta name=\"description\" content=\"In Eyvindartunga, you can find diverse and fun events that no one should miss. Looking forward to seeing you!\" \/>\n<meta name=\"robots\" content=\"index, follow, max-snippet:-1, max-image-preview:large, max-video-preview:-1\" \/>\n<link rel=\"canonical\" href=\"https:\/\/eyvindartunga.is\/en\/events\/\" \/>\n<meta property=\"og:locale\" content=\"en_US\" \/>\n<meta property=\"og:type\" content=\"article\" \/>\n<meta property=\"og:title\" content=\"Eyvindartunga - Events - Einst\u00f6k sveitaupplifun vi\u00f0 Laugarvatn\" \/>\n<meta property=\"og:description\" content=\"In Eyvindartunga, you can find diverse and fun events that no one should miss. Looking forward to seeing you!\" \/>\n<meta property=\"og:url\" content=\"https:\/\/eyvindartunga.is\/en\/events\/\" \/>\n<meta property=\"og:site_name\" content=\"Eyvindartunga\" \/>\n<meta property=\"article:publisher\" content=\"https:\/\/www.facebook.com\/Eyvindartunga\" \/>\n<meta property=\"article:modified_time\" content=\"2024-04-12T11:27:00+00:00\" \/>\n<meta property=\"og:image\" content=\"https:\/\/eyvindartunga.is\/wp-content\/uploads\/2023\/11\/1-Eyvindartunga2-Norris-Niman.jpg\" \/>\n\t<meta property=\"og:image:width\" content=\"683\" \/>\n\t<meta property=\"og:image:height\" content=\"1024\" \/>\n\t<meta property=\"og:image:type\" content=\"image\/jpeg\" \/>\n<meta name=\"twitter:card\" content=\"summary_large_image\" \/>\n<meta name=\"twitter:label1\" content=\"Est. reading time\" \/>\n\t<meta name=\"twitter:data1\" content=\"6 minutes\" \/>\n<script type=\"application\/ld+json\" class=\"yoast-schema-graph\">{\"@context\":\"https:\/\/schema.org\",\"@graph\":[{\"@type\":\"WebPage\",\"@id\":\"https:\/\/eyvindartunga.is\/en\/events\/\",\"url\":\"https:\/\/eyvindartunga.is\/en\/events\/\",\"name\":\"Eyvindartunga - Events - Einst\u00f6k sveitaupplifun vi\u00f0 Laugarvatn\",\"isPartOf\":{\"@id\":\"https:\/\/eyvindartunga.is\/en\/#website\"},\"datePublished\":\"2024-01-16T11:40:42+00:00\",\"dateModified\":\"2024-04-12T11:27:00+00:00\",\"description\":\"In Eyvindartunga, you can find diverse and fun events that no one should miss. Looking forward to seeing you!\",\"breadcrumb\":{\"@id\":\"https:\/\/eyvindartunga.is\/en\/events\/#breadcrumb\"},\"inLanguage\":\"en-US\",\"potentialAction\":[{\"@type\":\"ReadAction\",\"target\":[\"https:\/\/eyvindartunga.is\/en\/events\/\"]}]},{\"@type\":\"BreadcrumbList\",\"@id\":\"https:\/\/eyvindartunga.is\/en\/events\/#breadcrumb\",\"itemListElement\":[{\"@type\":\"ListItem\",\"position\":1,\"name\":\"Home\",\"item\":\"https:\/\/eyvindartunga.is\/en\/\"},{\"@type\":\"ListItem\",\"position\":2,\"name\":\"Events\"}]},{\"@type\":\"WebSite\",\"@id\":\"https:\/\/eyvindartunga.is\/en\/#website\",\"url\":\"https:\/\/eyvindartunga.is\/en\/\",\"name\":\"Eyvindartunga\",\"description\":\"Einst\u00f6k sveitaupplifun vi\u00f0 Laugarvatn\",\"publisher\":{\"@id\":\"https:\/\/eyvindartunga.is\/en\/#organization\"},\"potentialAction\":[{\"@type\":\"SearchAction\",\"target\":{\"@type\":\"EntryPoint\",\"urlTemplate\":\"https:\/\/eyvindartunga.is\/en\/?s={search_term_string}\"},\"query-input\":{\"@type\":\"PropertyValueSpecification\",\"valueRequired\":true,\"valueName\":\"search_term_string\"}}],\"inLanguage\":\"en-US\"},{\"@type\":\"Organization\",\"@id\":\"https:\/\/eyvindartunga.is\/en\/#organization\",\"name\":\"Eyvindartunga\",\"url\":\"https:\/\/eyvindartunga.is\/en\/\",\"logo\":{\"@type\":\"ImageObject\",\"inLanguage\":\"en-US\",\"@id\":\"https:\/\/eyvindartunga.is\/en\/#\/schema\/logo\/image\/\",\"url\":\"https:\/\/eyvindartunga.is\/wp-content\/uploads\/2023\/11\/2_H.upplausn_rautt.png\",\"contentUrl\":\"https:\/\/eyvindartunga.is\/wp-content\/uploads\/2023\/11\/2_H.upplausn_rautt.png\",\"width\":1200,\"height\":1201,\"caption\":\"Eyvindartunga\"},\"image\":{\"@id\":\"https:\/\/eyvindartunga.is\/en\/#\/schema\/logo\/image\/\"},\"sameAs\":[\"https:\/\/www.facebook.com\/Eyvindartunga\",\"https:\/\/www.instagram.com\/eyvindartunga\/?hl=en\"]}]}<\/script>\n<!-- \/ Yoast SEO plugin. -->","yoast_head_json":{"title":"Eyvindartunga - Events - Einst\u00f6k sveitaupplifun vi\u00f0 Laugarvatn","description":"In Eyvindartunga, you can find diverse and fun events that no one should miss. Looking forward to seeing you!","robots":{"index":"index","follow":"follow","max-snippet":"max-snippet:-1","max-image-preview":"max-image-preview:large","max-video-preview":"max-video-preview:-1"},"canonical":"https:\/\/eyvindartunga.is\/en\/events\/","og_locale":"en_US","og_type":"article","og_title":"Eyvindartunga - Events - Einst\u00f6k sveitaupplifun vi\u00f0 Laugarvatn","og_description":"In Eyvindartunga, you can find diverse and fun events that no one should miss. Looking forward to seeing you!","og_url":"https:\/\/eyvindartunga.is\/en\/events\/","og_site_name":"Eyvindartunga","article_publisher":"https:\/\/www.facebook.com\/Eyvindartunga","article_modified_time":"2024-04-12T11:27:00+00:00","og_image":[{"width":683,"height":1024,"url":"https:\/\/eyvindartunga.is\/wp-content\/uploads\/2023\/11\/1-Eyvindartunga2-Norris-Niman.jpg","type":"image\/jpeg"}],"twitter_card":"summary_large_image","twitter_misc":{"Est. reading time":"6 minutes"},"schema":{"@context":"https:\/\/schema.org","@graph":[{"@type":"WebPage","@id":"https:\/\/eyvindartunga.is\/en\/events\/","url":"https:\/\/eyvindartunga.is\/en\/events\/","name":"Eyvindartunga - Events - Einst\u00f6k sveitaupplifun vi\u00f0 Laugarvatn","isPartOf":{"@id":"https:\/\/eyvindartunga.is\/en\/#website"},"datePublished":"2024-01-16T11:40:42+00:00","dateModified":"2024-04-12T11:27:00+00:00","description":"In Eyvindartunga, you can find diverse and fun events that no one should miss. Looking forward to seeing you!","breadcrumb":{"@id":"https:\/\/eyvindartunga.is\/en\/events\/#breadcrumb"},"inLanguage":"en-US","potentialAction":[{"@type":"ReadAction","target":["https:\/\/eyvindartunga.is\/en\/events\/"]}]},{"@type":"BreadcrumbList","@id":"https:\/\/eyvindartunga.is\/en\/events\/#breadcrumb","itemListElement":[{"@type":"ListItem","position":1,"name":"Home","item":"https:\/\/eyvindartunga.is\/en\/"},{"@type":"ListItem","position":2,"name":"Events"}]},{"@type":"WebSite","@id":"https:\/\/eyvindartunga.is\/en\/#website","url":"https:\/\/eyvindartunga.is\/en\/","name":"Eyvindartunga","description":"Einst\u00f6k sveitaupplifun vi\u00f0 Laugarvatn","publisher":{"@id":"https:\/\/eyvindartunga.is\/en\/#organization"},"potentialAction":[{"@type":"SearchAction","target":{"@type":"EntryPoint","urlTemplate":"https:\/\/eyvindartunga.is\/en\/?s={search_term_string}"},"query-input":{"@type":"PropertyValueSpecification","valueRequired":true,"valueName":"search_term_string"}}],"inLanguage":"en-US"},{"@type":"Organization","@id":"https:\/\/eyvindartunga.is\/en\/#organization","name":"Eyvindartunga","url":"https:\/\/eyvindartunga.is\/en\/","logo":{"@type":"ImageObject","inLanguage":"en-US","@id":"https:\/\/eyvindartunga.is\/en\/#\/schema\/logo\/image\/","url":"https:\/\/eyvindartunga.is\/wp-content\/uploads\/2023\/11\/2_H.upplausn_rautt.png","contentUrl":"https:\/\/eyvindartunga.is\/wp-content\/uploads\/2023\/11\/2_H.upplausn_rautt.png","width":1200,"height":1201,"caption":"Eyvindartunga"},"image":{"@id":"https:\/\/eyvindartunga.is\/en\/#\/schema\/logo\/image\/"},"sameAs":["https:\/\/www.facebook.com\/Eyvindartunga","https:\/\/www.instagram.com\/eyvindartunga\/?hl=en"]}]}},"_links":{"self":[{"href":"https:\/\/eyvindartunga.is\/en\/wp-json\/wp\/v2\/pages\/846","targetHints":{"allow":["GET"]}}],"collection":[{"href":"https:\/\/eyvindartunga.is\/en\/wp-json\/wp\/v2\/pages"}],"about":[{"href":"https:\/\/eyvindartunga.is\/en\/wp-json\/wp\/v2\/types\/page"}],"author":[{"embeddable":true,"href":"https:\/\/eyvindartunga.is\/en\/wp-json\/wp\/v2\/users\/2"}],"replies":[{"embeddable":true,"href":"https:\/\/eyvindartunga.is\/en\/wp-json\/wp\/v2\/comments?post=846"}],"version-history":[{"count":3,"href":"https:\/\/eyvindartunga.is\/en\/wp-json\/wp\/v2\/pages\/846\/revisions"}],"predecessor-version":[{"id":849,"href":"https:\/\/eyvindartunga.is\/en\/wp-json\/wp\/v2\/pages\/846\/revisions\/849"}],"wp:attachment":[{"href":"https:\/\/eyvindartunga.is\/en\/wp-json\/wp\/v2\/media?parent=846"}],"curies":[{"name":"wp","href":"https:\/\/api.w.org\/{rel}","templated":true}]}}