{"id":844,"date":"2024-03-05T14:13:29","date_gmt":"2024-03-05T14:13:29","guid":{"rendered":"https:\/\/eyvindartunga.is\/about-us\/"},"modified":"2024-04-12T11:24:28","modified_gmt":"2024-04-12T11:24:28","slug":"about-us","status":"publish","type":"page","link":"https:\/\/eyvindartunga.is\/en\/about-us\/","title":{"rendered":"About us"},"content":{"rendered":"\n[et_pb_section fb_built=&#8221;1&#8243; _builder_version=&#8221;4.24.2&#8243; _module_preset=&#8221;default&#8221; use_background_color_gradient=&#8221;on&#8221; background_color_gradient_direction=&#8221;103deg&#8221; background_color_gradient_stops=&#8221;rgba(39,41,47,0.68) 0%|rgba(39,41,47,0.2) 99%&#8221; background_color_gradient_overlays_image=&#8221;on&#8221; background_image=&#8221;https:\/\/eyvindartunga.is\/wp-content\/uploads\/2024\/01\/02-Eyvindartunga-Farm-from-the-road.jpg&#8221; parallax=&#8221;on&#8221; custom_padding=&#8221;332px||332px||true|false&#8221; hover_enabled=&#8221;0&#8243; global_colors_info=&#8221;{}&#8221; custom_padding_last_edited=&#8221;on|phone&#8221; custom_padding_tablet=&#8221;200px||200px||true|false&#8221; sticky_enabled=&#8221;0&#8243; custom_padding_phone=&#8221;150px||150px||true|false&#8221;][et_pb_row _builder_version=&#8221;4.24.2&#8243; _module_preset=&#8221;default&#8221; global_colors_info=&#8221;{}&#8221;][et_pb_column type=&#8221;4_4&#8243; _builder_version=&#8221;4.24.2&#8243; _module_preset=&#8221;default&#8221; global_colors_info=&#8221;{}&#8221;][et_pb_text _builder_version=&#8221;4.24.2&#8243; _module_preset=&#8221;default&#8221; text_text_color=&#8221;#F9F9F9&#8243; text_font_size=&#8221;23px&#8221; header_font=&#8221;||||||||&#8221; header_text_color=&#8221;#F9F9F9&#8243; header_font_size=&#8221;78px&#8221; hover_enabled=&#8221;0&#8243; global_colors_info=&#8221;{}&#8221; header_font_size_last_edited=&#8221;on|phone&#8221; header_font_size_tablet=&#8221;55px&#8221; sticky_enabled=&#8221;0&#8243; header_font_size_phone=&#8221;36px&#8221;]<h1>About us<\/h1>\n<p>Eyvindartunga has been owned by the same family for over 100 years.<\/p>\n<p>&nbsp;<\/p>[\/et_pb_text][\/et_pb_column][\/et_pb_row][\/et_pb_section][et_pb_section fb_built=&#8221;1&#8243; admin_label=&#8221;Header &#038; Pricing Table&#8221; _builder_version=&#8221;4.24.2&#8243; _module_preset=&#8221;default&#8221; background_color=&#8221;#F9F9F9&#8243; custom_padding=&#8221;70px|||||&#8221; collapsed=&#8221;on&#8221; global_colors_info=&#8221;{}&#8221;][et_pb_row column_structure=&#8221;2_5,3_5&#8243; _builder_version=&#8221;4.24.2&#8243; _module_preset=&#8221;default&#8221; global_colors_info=&#8221;{}&#8221;][et_pb_column type=&#8221;2_5&#8243; _builder_version=&#8221;4.24.2&#8243; _module_preset=&#8221;default&#8221; custom_css_main_element=&#8221;display:flex;&#8221; global_colors_info=&#8221;{}&#8221;][et_pb_text _builder_version=&#8221;4.24.2&#8243; _module_preset=&#8221;cd40a1ad-3e97-40ad-8a4c-004464f81d13&#8243; header_2_font=&#8221;|600|||||||&#8221; header_2_font_size=&#8221;45px&#8221; header_4_font=&#8221;Inter|||on|||||&#8221; header_4_font_size=&#8221;16px&#8221; header_4_letter_spacing=&#8221;2px&#8221; hover_enabled=&#8221;0&#8243; global_colors_info=&#8221;{}&#8221; header_4_font_size_last_edited=&#8221;on|phone&#8221; header_4_font_size_tablet=&#8221;12px&#8221; sticky_enabled=&#8221;0&#8243; header_2_font_size_last_edited=&#8221;on|phone&#8221; header_2_font_size_tablet=&#8221;37px&#8221; header_2_font_size_phone=&#8221;28px&#8221; header_4_font_size_phone=&#8221;12px&#8221;]<h4>About us<\/h4>\n<h2>A family run business<\/h2>[\/et_pb_text][\/et_pb_column][et_pb_column type=&#8221;3_5&#8243; _builder_version=&#8221;4.24.2&#8243; _module_preset=&#8221;default&#8221; custom_css_main_element=&#8221;display:flex;&#8221; global_colors_info=&#8221;{}&#8221;][et_pb_text _builder_version=&#8221;4.24.2&#8243; _module_preset=&#8221;default&#8221; custom_padding=&#8221;|2%|||false|false&#8221; global_colors_info=&#8221;{}&#8221;]<p>Two generations run the farm Eyvindartunga. The owners of the place are Helga and Sn\u00e6bj\u00f6rn; and two of their five sons; Magn\u00fas and J\u00f3n Forni, together with Magn\u00fas&#8217;s wife Stephanie, who are involved in the operation. This refers to the Barn, the accommodation facilities and the power plant Sand\u00e1r. They all live in Laugardal in Bl\u00e1sk\u00f3gabygg\u00f0.<\/p>\n<p>The barn, the event space, was renovated in 2019 on the occasion of Magn\u00fas and Stephanie&#8217;s wedding. Stephanie, who traces her ancestry to Australia, experienced there the meaning of the Icelandic proverb it gets sorted out first hand. Construction on the barn began in mid-June 2019 and the wedding was planned for September 1, 2019. However, quite a lot was left undone. It should be noted that the whole family, friends and relatives came to this work.<\/p>\n<p>Stephanie brought good experience in organizing events and festivals in a suitcase from Australia. She also draws on her own experience of getting married in the countryside and therefore knows well how to organize such events; in addition, she has a master&#8217;s degree in management in tourism from the University of Reykjav\u00edk. Her husband and carpenter Magn\u00fas, is quick to &#8220;fix&#8221; things if needed.<\/p>[\/et_pb_text][\/et_pb_column][\/et_pb_row][\/et_pb_section][et_pb_section fb_built=&#8221;1&#8243; _builder_version=&#8221;4.24.2&#8243; _module_preset=&#8221;default&#8221; background_color=&#8221;#F9F9F9&#8243; custom_padding=&#8221;0px||||false|false&#8221; hover_enabled=&#8221;0&#8243; global_colors_info=&#8221;{}&#8221; custom_padding_last_edited=&#8221;on|tablet&#8221; sticky_enabled=&#8221;0&#8243; custom_padding_phone=&#8221;0px||0px||false|false&#8221; custom_padding_tablet=&#8221;||0px||false|false&#8221;][et_pb_row _builder_version=&#8221;4.24.2&#8243; _module_preset=&#8221;default&#8221; width=&#8221;98%&#8221; max_width=&#8221;100%&#8221; global_colors_info=&#8221;{}&#8221;][et_pb_column type=&#8221;4_4&#8243; _builder_version=&#8221;4.24.2&#8243; _module_preset=&#8221;default&#8221; global_colors_info=&#8221;{}&#8221;][ba_image_carousel is_autoplay=&#8221;off&#8221; slide_count=&#8221;5&#8243; nav_color=&#8221;#F9F9F9&#8243; nav_bg=&#8221;#851700&#8243; _builder_version=&#8221;4.24.2&#8243; _module_preset=&#8221;default&#8221; custom_padding=&#8221;||||false|false&#8221; hover_enabled=&#8221;0&#8243; global_colors_info=&#8221;{}&#8221; slide_count_last_edited=&#8221;on|phone&#8221; slide_count_tablet=&#8221;2&#8243; sticky_enabled=&#8221;0&#8243; slide_count_phone=&#8221;1&#8243;][ba_image_carousel_child title=&#8221;1&#8243; content_padding=&#8221;||||false|false&#8221; _builder_version=&#8221;4.24.2&#8243; _module_preset=&#8221;default&#8221; background_image=&#8221;https:\/\/eyvindartunga.is\/wp-content\/uploads\/2024\/03\/1.1-Kaja-Balejko.jpg&#8221; background_enable_image=&#8221;on&#8221; custom_padding=&#8221;300px||300px||true|false&#8221; global_colors_info=&#8221;{}&#8221;][\/ba_image_carousel_child][ba_image_carousel_child title=&#8221;2&#8243; content_padding=&#8221;||||false|false&#8221; _builder_version=&#8221;4.24.2&#8243; _module_preset=&#8221;default&#8221; background_image=&#8221;https:\/\/eyvindartunga.is\/wp-content\/uploads\/2024\/03\/1.2-Kaja-Balejko.jpg&#8221; background_enable_image=&#8221;on&#8221; custom_padding=&#8221;300px||300px||true|false&#8221; global_colors_info=&#8221;{}&#8221;][\/ba_image_carousel_child][ba_image_carousel_child title=&#8221;3&#8243; content_padding=&#8221;||||false|false&#8221; _builder_version=&#8221;4.24.2&#8243; _module_preset=&#8221;default&#8221; background_image=&#8221;https:\/\/eyvindartunga.is\/wp-content\/uploads\/2024\/03\/1.3-Kaja-Balejko.jpg&#8221; background_enable_image=&#8221;on&#8221; custom_padding=&#8221;300px||300px||true|false&#8221; global_colors_info=&#8221;{}&#8221;][\/ba_image_carousel_child][ba_image_carousel_child title=&#8221;4&#8243; content_padding=&#8221;||||false|false&#8221; _builder_version=&#8221;4.24.2&#8243; _module_preset=&#8221;default&#8221; background_image=&#8221;https:\/\/eyvindartunga.is\/wp-content\/uploads\/2024\/03\/1.4-Kaja-Balejko.jpg&#8221; background_enable_image=&#8221;on&#8221; custom_padding=&#8221;300px||300px||true|false&#8221; global_colors_info=&#8221;{}&#8221;][\/ba_image_carousel_child][ba_image_carousel_child title=&#8221;5&#8243; content_padding=&#8221;||||false|false&#8221; _builder_version=&#8221;4.24.2&#8243; _module_preset=&#8221;default&#8221; background_image=&#8221;https:\/\/eyvindartunga.is\/wp-content\/uploads\/2024\/03\/1.5-Kaja-Balejko.jpg&#8221; background_enable_image=&#8221;on&#8221; custom_padding=&#8221;300px||300px||true|false&#8221; global_colors_info=&#8221;{}&#8221;][\/ba_image_carousel_child][ba_image_carousel_child photo_alt=&#8221;Elsa Mar\u00eda&#8221; title=&#8221;6&#8243; content_padding=&#8221;||||false|false&#8221; _builder_version=&#8221;4.24.2&#8243; _module_preset=&#8221;default&#8221; background_image=&#8221;https:\/\/eyvindartunga.is\/wp-content\/uploads\/2024\/03\/2.1-Kaja-Balejko.jpg&#8221; background_enable_image=&#8221;on&#8221; custom_padding=&#8221;300px||300px||true|false&#8221; global_colors_info=&#8221;{}&#8221;][\/ba_image_carousel_child][ba_image_carousel_child photo_alt=&#8221;Elsa Mar\u00eda&#8221; title=&#8221;7&#8243; content_padding=&#8221;||||false|false&#8221; _builder_version=&#8221;4.24.2&#8243; _module_preset=&#8221;default&#8221; background_image=&#8221;https:\/\/eyvindartunga.is\/wp-content\/uploads\/2024\/03\/2.2-Antanas-Sakinis.jpg&#8221; background_enable_image=&#8221;on&#8221; custom_padding=&#8221;300px||300px||true|false&#8221; global_colors_info=&#8221;{}&#8221;][\/ba_image_carousel_child][ba_image_carousel_child photo_alt=&#8221;Elsa Mar\u00eda&#8221; title=&#8221;8&#8243; content_padding=&#8221;||||false|false&#8221; _builder_version=&#8221;4.24.2&#8243; _module_preset=&#8221;default&#8221; background_image=&#8221;https:\/\/eyvindartunga.is\/wp-content\/uploads\/2024\/03\/2.3-Antana-Sakinis.jpg&#8221; background_enable_image=&#8221;on&#8221; custom_padding=&#8221;300px||300px||true|false&#8221; global_colors_info=&#8221;{}&#8221;][\/ba_image_carousel_child][ba_image_carousel_child photo_alt=&#8221;Elsa Mar\u00eda&#8221; title=&#8221;9&#8243; content_padding=&#8221;||||false|false&#8221; _builder_version=&#8221;4.24.2&#8243; _module_preset=&#8221;default&#8221; background_image=&#8221;https:\/\/eyvindartunga.is\/wp-content\/uploads\/2024\/03\/2.4-Antanas-Sakinis.jpg&#8221; background_enable_image=&#8221;on&#8221; custom_padding=&#8221;300px||300px||true|false&#8221; global_colors_info=&#8221;{}&#8221;][\/ba_image_carousel_child][\/ba_image_carousel][\/et_pb_column][\/et_pb_row][\/et_pb_section][et_pb_section fb_built=&#8221;1&#8243; admin_label=&#8221;Header &#038; Pricing Table&#8221; _builder_version=&#8221;4.24.2&#8243; _module_preset=&#8221;default&#8221; background_color=&#8221;#F9F9F9&#8243; custom_padding=&#8221;70px|||||&#8221; hover_enabled=&#8221;0&#8243; collapsed=&#8221;on&#8221; global_colors_info=&#8221;{}&#8221; custom_padding_last_edited=&#8221;on|phone&#8221; custom_padding_tablet=&#8221;0px||||false|false&#8221; sticky_enabled=&#8221;0&#8243; custom_padding_phone=&#8221;0px||||false|false&#8221;][et_pb_row _builder_version=&#8221;4.24.2&#8243; _module_preset=&#8221;default&#8221; global_colors_info=&#8221;{}&#8221;][et_pb_column type=&#8221;4_4&#8243; _builder_version=&#8221;4.24.2&#8243; _module_preset=&#8221;default&#8221; global_colors_info=&#8221;{}&#8221;][et_pb_text _builder_version=&#8221;4.24.2&#8243; _module_preset=&#8221;cd40a1ad-3e97-40ad-8a4c-004464f81d13&#8243; header_2_font=&#8221;|600|||||||&#8221; header_2_font_size=&#8221;45px&#8221; header_4_font=&#8221;Inter|||on|||||&#8221; header_4_font_size=&#8221;16px&#8221; header_4_letter_spacing=&#8221;2px&#8221; text_orientation=&#8221;center&#8221; global_colors_info=&#8221;{}&#8221; header_4_font_size_last_edited=&#8221;on|phone&#8221; header_4_font_size_tablet=&#8221;12px&#8221; header_2_font_size_last_edited=&#8221;on|phone&#8221; header_2_font_size_tablet=&#8221;37px&#8221; header_2_font_size_phone=&#8221;28px&#8221; header_4_font_size_phone=&#8221;12px&#8221;]<h4>About us<\/h4>\n<h2>Eyvindartunga&#8217;s sustainability policy<\/h2>[\/et_pb_text][\/et_pb_column][\/et_pb_row][et_pb_row _builder_version=&#8221;4.24.2&#8243; _module_preset=&#8221;default&#8221; hover_enabled=&#8221;0&#8243; global_colors_info=&#8221;{}&#8221; sticky_enabled=&#8221;0&#8243;][et_pb_column type=&#8221;4_4&#8243; _builder_version=&#8221;4.24.2&#8243; _module_preset=&#8221;default&#8221; hover_enabled=&#8221;0&#8243; custom_css_main_element=&#8221;display:flex;&#8221; global_colors_info=&#8221;{}&#8221; custom_css_main_element_last_edited=&#8221;on|phone&#8221; custom_css_main_element_tablet=&#8221; &#8221; sticky_enabled=&#8221;0&#8243; custom_css_main_element_phone=&#8221; &#8220;][et_pb_text _builder_version=&#8221;4.24.2&#8243; _module_preset=&#8221;default&#8221; custom_padding=&#8221;|2%|||false|false&#8221; global_colors_info=&#8221;{}&#8221;]<p>Sustainability: Eyvindartunga&#8217;s operation is based on sustainability in a broad sense, e.g. all electricity on the farm and for Laugarvatn is produced by the two hydroelectric power plants in Eyvindartunga, Sand\u00e1rvirkjun IV and Sand\u00e1rvirkjun V. They are located in the river Sand\u00e1 that flows through the ground from its source in Rau\u00f0agili until it joins Dj\u00fap\u00e1 on the border with \u00datey.<\/p>\n<p>The first hydroelectric power plant, Sand\u00e1rvirkjun I, was commissioned in 1929. It was built to provide electricity to the district school in Laugarvatn. The advantage that it was possible to produce electricity in the immediate vicinity of the school was one of the reasons why H\u00e9radssk\u00f3lin was assigned this location at Laugarvatn. Subsequently, more schools were built on the spot and Laugarvatn became a center of education in the countryside.<\/p>[\/et_pb_text][et_pb_text _builder_version=&#8221;4.24.2&#8243; _module_preset=&#8221;default&#8221; custom_padding=&#8221;|||2%|false|false&#8221; global_colors_info=&#8221;{}&#8221;]<p>In 1997, Eyvindartungu farmers started forestry on the land. Mainly it has been planted below the main road near Laugarvatn and there are about 170 ha. of land dedicated to this project, i.e. almost 40% of Eyvindartunga&#8217;s land. In addition to carbon offsetting with this event, the forestry has become part of the beautiful view that faces the visitors of Hl\u00f6\u00f0inn, where Dj\u00fap\u00e1 flows down to Laugarvatn with the famous volcano Hekla in the background.<\/p>\n<p>In 2021, Eyvindartunga became a participant in the project, &#8220;Farmers grow the land&#8221;, and bivalent land planting fertilizers have been distributed annually along with herbology to stop erosion in the flour pits and cover them with vegetation.<\/p>[\/et_pb_text][\/et_pb_column][\/et_pb_row][et_pb_row _builder_version=&#8221;4.24.2&#8243; _module_preset=&#8221;default&#8221; global_colors_info=&#8221;{}&#8221;][et_pb_column type=&#8221;4_4&#8243; _builder_version=&#8221;4.24.2&#8243; _module_preset=&#8221;default&#8221; global_colors_info=&#8221;{}&#8221;][et_pb_image src=&#8221;https:\/\/eyvindartunga.is\/wp-content\/uploads\/2024\/03\/Mynd-eftir-Jon-Teitsynni-bonda-i-Eyvindartungu.-Artal-othekkt.jpg&#8221; title_text=&#8221;Photo by J\u00f3n Teitsynni, a farmer in Eyvindartunga. Year unknown.&#8221; align=&#8221;center&#8221; _builder_version=&#8221;4.24.2&#8243; _module_preset=&#8221;default&#8221; width=&#8221;67%&#8221; global_colors_info=&#8221;{}&#8221;][\/et_pb_image][et_pb_text _builder_version=&#8221;4.24.2&#8243; _module_preset=&#8221;default&#8221; text_font=&#8221;||on||||||&#8221; text_font_size=&#8221;17px&#8221; text_orientation=&#8221;center&#8221; global_colors_info=&#8221;{}&#8221;]<p>Photo by J\u00f3n Teitsynni, a farmer in Eyvindartunga. Year unknown.<\/p>[\/et_pb_text][\/et_pb_column][\/et_pb_row][\/et_pb_section]\n","protected":false},"excerpt":{"rendered":"<p>About us Eyvindartunga has been owned by the same family for over 100 years. &nbsp;About us A family run businessTwo generations run the farm Eyvindartunga. The owners of the place are Helga and Sn\u00e6bj\u00f6rn; and two of their five sons; Magn\u00fas and J\u00f3n Forni, together with Magn\u00fas&#8217;s wife Stephanie, who are involved in the operation. [&hellip;]<\/p>\n","protected":false},"author":2,"featured_media":0,"parent":0,"menu_order":0,"comment_status":"closed","ping_status":"closed","template":"","meta":{"_et_pb_use_builder":"on","_et_pb_old_content":"","_et_gb_content_width":"","footnotes":""},"class_list":["post-844","page","type-page","status-publish","hentry"],"yoast_head":"<!-- This site is optimized with the Yoast SEO plugin v27.1.1 - https:\/\/yoast.com\/product\/yoast-seo-wordpress\/ -->\n<title>Eyvindartunga - About us - Einst\u00f6k sveitaupplifun vi\u00f0 Laugarvatn<\/title>\n<meta name=\"description\" content=\"If you want to know more about us at Eyvindartunga and about our history, you can read more about it here, as we are a family-run company.\" \/>\n<meta name=\"robots\" content=\"index, follow, max-snippet:-1, max-image-preview:large, max-video-preview:-1\" \/>\n<link rel=\"canonical\" href=\"https:\/\/eyvindartunga.is\/en\/about-us\/\" \/>\n<meta property=\"og:locale\" content=\"en_US\" \/>\n<meta property=\"og:type\" content=\"article\" \/>\n<meta property=\"og:title\" content=\"Eyvindartunga - About us - Einst\u00f6k sveitaupplifun vi\u00f0 Laugarvatn\" \/>\n<meta property=\"og:description\" content=\"If you want to know more about us at Eyvindartunga and about our history, you can read more about it here, as we are a family-run company.\" \/>\n<meta property=\"og:url\" content=\"https:\/\/eyvindartunga.is\/en\/about-us\/\" \/>\n<meta property=\"og:site_name\" content=\"Eyvindartunga\" \/>\n<meta property=\"article:publisher\" content=\"https:\/\/www.facebook.com\/Eyvindartunga\" \/>\n<meta property=\"article:modified_time\" content=\"2024-04-12T11:24:28+00:00\" \/>\n<meta property=\"og:image\" content=\"https:\/\/eyvindartunga.is\/wp-content\/uploads\/2023\/11\/1-Eyvindartunga2-Norris-Niman.jpg\" \/>\n\t<meta property=\"og:image:width\" content=\"683\" \/>\n\t<meta property=\"og:image:height\" content=\"1024\" \/>\n\t<meta property=\"og:image:type\" content=\"image\/jpeg\" \/>\n<meta name=\"twitter:card\" content=\"summary_large_image\" \/>\n<meta name=\"twitter:label1\" content=\"Est. reading time\" \/>\n\t<meta name=\"twitter:data1\" content=\"8 minutes\" \/>\n<script type=\"application\/ld+json\" class=\"yoast-schema-graph\">{\"@context\":\"https:\/\/schema.org\",\"@graph\":[{\"@type\":\"WebPage\",\"@id\":\"https:\/\/eyvindartunga.is\/en\/about-us\/\",\"url\":\"https:\/\/eyvindartunga.is\/en\/about-us\/\",\"name\":\"Eyvindartunga - About us - Einst\u00f6k sveitaupplifun vi\u00f0 Laugarvatn\",\"isPartOf\":{\"@id\":\"https:\/\/eyvindartunga.is\/en\/#website\"},\"datePublished\":\"2024-03-05T14:13:29+00:00\",\"dateModified\":\"2024-04-12T11:24:28+00:00\",\"description\":\"If you want to know more about us at Eyvindartunga and about our history, you can read more about it here, as we are a family-run company.\",\"breadcrumb\":{\"@id\":\"https:\/\/eyvindartunga.is\/en\/about-us\/#breadcrumb\"},\"inLanguage\":\"en-US\",\"potentialAction\":[{\"@type\":\"ReadAction\",\"target\":[\"https:\/\/eyvindartunga.is\/en\/about-us\/\"]}]},{\"@type\":\"BreadcrumbList\",\"@id\":\"https:\/\/eyvindartunga.is\/en\/about-us\/#breadcrumb\",\"itemListElement\":[{\"@type\":\"ListItem\",\"position\":1,\"name\":\"Home\",\"item\":\"https:\/\/eyvindartunga.is\/en\/\"},{\"@type\":\"ListItem\",\"position\":2,\"name\":\"About us\"}]},{\"@type\":\"WebSite\",\"@id\":\"https:\/\/eyvindartunga.is\/en\/#website\",\"url\":\"https:\/\/eyvindartunga.is\/en\/\",\"name\":\"Eyvindartunga\",\"description\":\"Einst\u00f6k sveitaupplifun vi\u00f0 Laugarvatn\",\"publisher\":{\"@id\":\"https:\/\/eyvindartunga.is\/en\/#organization\"},\"potentialAction\":[{\"@type\":\"SearchAction\",\"target\":{\"@type\":\"EntryPoint\",\"urlTemplate\":\"https:\/\/eyvindartunga.is\/en\/?s={search_term_string}\"},\"query-input\":{\"@type\":\"PropertyValueSpecification\",\"valueRequired\":true,\"valueName\":\"search_term_string\"}}],\"inLanguage\":\"en-US\"},{\"@type\":\"Organization\",\"@id\":\"https:\/\/eyvindartunga.is\/en\/#organization\",\"name\":\"Eyvindartunga\",\"url\":\"https:\/\/eyvindartunga.is\/en\/\",\"logo\":{\"@type\":\"ImageObject\",\"inLanguage\":\"en-US\",\"@id\":\"https:\/\/eyvindartunga.is\/en\/#\/schema\/logo\/image\/\",\"url\":\"https:\/\/eyvindartunga.is\/wp-content\/uploads\/2023\/11\/2_H.upplausn_rautt.png\",\"contentUrl\":\"https:\/\/eyvindartunga.is\/wp-content\/uploads\/2023\/11\/2_H.upplausn_rautt.png\",\"width\":1200,\"height\":1201,\"caption\":\"Eyvindartunga\"},\"image\":{\"@id\":\"https:\/\/eyvindartunga.is\/en\/#\/schema\/logo\/image\/\"},\"sameAs\":[\"https:\/\/www.facebook.com\/Eyvindartunga\",\"https:\/\/www.instagram.com\/eyvindartunga\/?hl=en\"]}]}<\/script>\n<!-- \/ Yoast SEO plugin. -->","yoast_head_json":{"title":"Eyvindartunga - About us - Einst\u00f6k sveitaupplifun vi\u00f0 Laugarvatn","description":"If you want to know more about us at Eyvindartunga and about our history, you can read more about it here, as we are a family-run company.","robots":{"index":"index","follow":"follow","max-snippet":"max-snippet:-1","max-image-preview":"max-image-preview:large","max-video-preview":"max-video-preview:-1"},"canonical":"https:\/\/eyvindartunga.is\/en\/about-us\/","og_locale":"en_US","og_type":"article","og_title":"Eyvindartunga - About us - Einst\u00f6k sveitaupplifun vi\u00f0 Laugarvatn","og_description":"If you want to know more about us at Eyvindartunga and about our history, you can read more about it here, as we are a family-run company.","og_url":"https:\/\/eyvindartunga.is\/en\/about-us\/","og_site_name":"Eyvindartunga","article_publisher":"https:\/\/www.facebook.com\/Eyvindartunga","article_modified_time":"2024-04-12T11:24:28+00:00","og_image":[{"width":683,"height":1024,"url":"https:\/\/eyvindartunga.is\/wp-content\/uploads\/2023\/11\/1-Eyvindartunga2-Norris-Niman.jpg","type":"image\/jpeg"}],"twitter_card":"summary_large_image","twitter_misc":{"Est. reading time":"8 minutes"},"schema":{"@context":"https:\/\/schema.org","@graph":[{"@type":"WebPage","@id":"https:\/\/eyvindartunga.is\/en\/about-us\/","url":"https:\/\/eyvindartunga.is\/en\/about-us\/","name":"Eyvindartunga - About us - Einst\u00f6k sveitaupplifun vi\u00f0 Laugarvatn","isPartOf":{"@id":"https:\/\/eyvindartunga.is\/en\/#website"},"datePublished":"2024-03-05T14:13:29+00:00","dateModified":"2024-04-12T11:24:28+00:00","description":"If you want to know more about us at Eyvindartunga and about our history, you can read more about it here, as we are a family-run company.","breadcrumb":{"@id":"https:\/\/eyvindartunga.is\/en\/about-us\/#breadcrumb"},"inLanguage":"en-US","potentialAction":[{"@type":"ReadAction","target":["https:\/\/eyvindartunga.is\/en\/about-us\/"]}]},{"@type":"BreadcrumbList","@id":"https:\/\/eyvindartunga.is\/en\/about-us\/#breadcrumb","itemListElement":[{"@type":"ListItem","position":1,"name":"Home","item":"https:\/\/eyvindartunga.is\/en\/"},{"@type":"ListItem","position":2,"name":"About us"}]},{"@type":"WebSite","@id":"https:\/\/eyvindartunga.is\/en\/#website","url":"https:\/\/eyvindartunga.is\/en\/","name":"Eyvindartunga","description":"Einst\u00f6k sveitaupplifun vi\u00f0 Laugarvatn","publisher":{"@id":"https:\/\/eyvindartunga.is\/en\/#organization"},"potentialAction":[{"@type":"SearchAction","target":{"@type":"EntryPoint","urlTemplate":"https:\/\/eyvindartunga.is\/en\/?s={search_term_string}"},"query-input":{"@type":"PropertyValueSpecification","valueRequired":true,"valueName":"search_term_string"}}],"inLanguage":"en-US"},{"@type":"Organization","@id":"https:\/\/eyvindartunga.is\/en\/#organization","name":"Eyvindartunga","url":"https:\/\/eyvindartunga.is\/en\/","logo":{"@type":"ImageObject","inLanguage":"en-US","@id":"https:\/\/eyvindartunga.is\/en\/#\/schema\/logo\/image\/","url":"https:\/\/eyvindartunga.is\/wp-content\/uploads\/2023\/11\/2_H.upplausn_rautt.png","contentUrl":"https:\/\/eyvindartunga.is\/wp-content\/uploads\/2023\/11\/2_H.upplausn_rautt.png","width":1200,"height":1201,"caption":"Eyvindartunga"},"image":{"@id":"https:\/\/eyvindartunga.is\/en\/#\/schema\/logo\/image\/"},"sameAs":["https:\/\/www.facebook.com\/Eyvindartunga","https:\/\/www.instagram.com\/eyvindartunga\/?hl=en"]}]}},"_links":{"self":[{"href":"https:\/\/eyvindartunga.is\/en\/wp-json\/wp\/v2\/pages\/844","targetHints":{"allow":["GET"]}}],"collection":[{"href":"https:\/\/eyvindartunga.is\/en\/wp-json\/wp\/v2\/pages"}],"about":[{"href":"https:\/\/eyvindartunga.is\/en\/wp-json\/wp\/v2\/types\/page"}],"author":[{"embeddable":true,"href":"https:\/\/eyvindartunga.is\/en\/wp-json\/wp\/v2\/users\/2"}],"replies":[{"embeddable":true,"href":"https:\/\/eyvindartunga.is\/en\/wp-json\/wp\/v2\/comments?post=844"}],"version-history":[{"count":1,"href":"https:\/\/eyvindartunga.is\/en\/wp-json\/wp\/v2\/pages\/844\/revisions"}],"predecessor-version":[{"id":845,"href":"https:\/\/eyvindartunga.is\/en\/wp-json\/wp\/v2\/pages\/844\/revisions\/845"}],"wp:attachment":[{"href":"https:\/\/eyvindartunga.is\/en\/wp-json\/wp\/v2\/media?parent=844"}],"curies":[{"name":"wp","href":"https:\/\/api.w.org\/{rel}","templated":true}]}}