{"id":840,"date":"2024-03-14T09:22:22","date_gmt":"2024-03-14T09:22:22","guid":{"rendered":"https:\/\/eyvindartunga.is\/thank-you\/"},"modified":"2024-04-12T10:48:27","modified_gmt":"2024-04-12T10:48:27","slug":"thank-you","status":"publish","type":"page","link":"https:\/\/eyvindartunga.is\/en\/thank-you\/","title":{"rendered":"Thank you"},"content":{"rendered":"\n[et_pb_section fb_built=&#8221;1&#8243; fullwidth=&#8221;on&#8221; theme_builder_area=&#8221;post_content&#8221; _builder_version=&#8221;4.24.2&#8243; _module_preset=&#8221;default&#8221;][et_pb_fullwidth_header title=&#8221;Thanks for the message&#8221; button_one_text=&#8221;Back to front page&#8221; _builder_version=&#8221;4.24.2&#8243; _module_preset=&#8221;default&#8221; theme_builder_area=&#8221;post_content&#8221; header_fullscreen=&#8221;on&#8221; text_orientation=&#8221;center&#8221; title_font_size=&#8221;58px&#8221; custom_button_one=&#8221;on&#8221; button_one_bg_color=&#8221;#27292F&#8221; button_one_bg_enable_color=&#8221;on&#8221; button_one_border_color=&#8221;#27292F&#8221; button_one_url=&#8221;@ET-DC@eyJkeW5hbWljIjp0cnVlLCJjb250ZW50IjoiaG9tZV91cmwiLCJzZXR0aW5ncyI6W119@&#8221; _dynamic_attributes=&#8221;button_one_url&#8221; hover_enabled=&#8221;0&#8243; sticky_enabled=&#8221;0&#8243;]<p>Thank you for contacting. We will answer you at the first opportunity.<\/p>[\/et_pb_fullwidth_header][\/et_pb_section]\n","protected":false},"excerpt":{"rendered":"<p>Thank you for contacting. We will answer you at the first opportunity.<\/p>\n","protected":false},"author":2,"featured_media":0,"parent":0,"menu_order":0,"comment_status":"closed","ping_status":"closed","template":"","meta":{"_et_pb_use_builder":"on","_et_pb_old_content":"","_et_gb_content_width":"","footnotes":""},"class_list":["post-840","page","type-page","status-publish","hentry"],"yoast_head":"<!-- This site is optimized with the Yoast SEO plugin v27.1.1 - https:\/\/yoast.com\/product\/yoast-seo-wordpress\/ -->\n<title>Eyvindartunga - Thank you - Einst\u00f6k sveitaupplifun vi\u00f0 Laugarvatn<\/title>\n<meta name=\"description\" content=\"Eyvindartunga is a farm by Laugarvatn, about an hour&#039;s distance (78 km) from Reykjav\u00edk. If you are looking for a weekend of tranquility, looking for a place for an unforgettable private party, group event or country wedding. Then Eyvindartunga is a great choice for you.\" \/>\n<meta name=\"robots\" content=\"index, follow, max-snippet:-1, max-image-preview:large, max-video-preview:-1\" \/>\n<link rel=\"canonical\" href=\"https:\/\/eyvindartunga.is\/en\/thank-you\/\" \/>\n<meta property=\"og:locale\" content=\"en_US\" \/>\n<meta property=\"og:type\" content=\"article\" \/>\n<meta property=\"og:title\" content=\"Eyvindartunga - Thank you - Einst\u00f6k sveitaupplifun vi\u00f0 Laugarvatn\" \/>\n<meta property=\"og:description\" content=\"Eyvindartunga is a farm by Laugarvatn, about an hour&#039;s distance (78 km) from Reykjav\u00edk. If you are looking for a weekend of tranquility, looking for a place for an unforgettable private party, group event or country wedding. Then Eyvindartunga is a great choice for you.\" \/>\n<meta property=\"og:url\" content=\"https:\/\/eyvindartunga.is\/en\/thank-you\/\" \/>\n<meta property=\"og:site_name\" content=\"Eyvindartunga\" \/>\n<meta property=\"article:publisher\" content=\"https:\/\/www.facebook.com\/Eyvindartunga\" \/>\n<meta property=\"article:modified_time\" content=\"2024-04-12T10:48:27+00:00\" \/>\n<meta property=\"og:image\" content=\"https:\/\/eyvindartunga.is\/wp-content\/uploads\/2023\/11\/1-Eyvindartunga2-Norris-Niman.jpg\" \/>\n\t<meta property=\"og:image:width\" content=\"683\" \/>\n\t<meta property=\"og:image:height\" content=\"1024\" \/>\n\t<meta property=\"og:image:type\" content=\"image\/jpeg\" \/>\n<meta name=\"twitter:card\" content=\"summary_large_image\" \/>\n<meta name=\"twitter:label1\" content=\"Est. reading time\" \/>\n\t<meta name=\"twitter:data1\" content=\"1 minute\" \/>\n<script type=\"application\/ld+json\" class=\"yoast-schema-graph\">{\"@context\":\"https:\/\/schema.org\",\"@graph\":[{\"@type\":\"WebPage\",\"@id\":\"https:\/\/eyvindartunga.is\/en\/thank-you\/\",\"url\":\"https:\/\/eyvindartunga.is\/en\/thank-you\/\",\"name\":\"Eyvindartunga - Thank you - Einst\u00f6k sveitaupplifun vi\u00f0 Laugarvatn\",\"isPartOf\":{\"@id\":\"https:\/\/eyvindartunga.is\/en\/#website\"},\"datePublished\":\"2024-03-14T09:22:22+00:00\",\"dateModified\":\"2024-04-12T10:48:27+00:00\",\"description\":\"Eyvindartunga is a farm by Laugarvatn, about an hour's distance (78 km) from Reykjav\u00edk. If you are looking for a weekend of tranquility, looking for a place for an unforgettable private party, group event or country wedding. Then Eyvindartunga is a great choice for you.\",\"breadcrumb\":{\"@id\":\"https:\/\/eyvindartunga.is\/en\/thank-you\/#breadcrumb\"},\"inLanguage\":\"en-US\",\"potentialAction\":[{\"@type\":\"ReadAction\",\"target\":[\"https:\/\/eyvindartunga.is\/en\/thank-you\/\"]}]},{\"@type\":\"BreadcrumbList\",\"@id\":\"https:\/\/eyvindartunga.is\/en\/thank-you\/#breadcrumb\",\"itemListElement\":[{\"@type\":\"ListItem\",\"position\":1,\"name\":\"Home\",\"item\":\"https:\/\/eyvindartunga.is\/en\/\"},{\"@type\":\"ListItem\",\"position\":2,\"name\":\"Thank you\"}]},{\"@type\":\"WebSite\",\"@id\":\"https:\/\/eyvindartunga.is\/en\/#website\",\"url\":\"https:\/\/eyvindartunga.is\/en\/\",\"name\":\"Eyvindartunga\",\"description\":\"Einst\u00f6k sveitaupplifun vi\u00f0 Laugarvatn\",\"publisher\":{\"@id\":\"https:\/\/eyvindartunga.is\/en\/#organization\"},\"potentialAction\":[{\"@type\":\"SearchAction\",\"target\":{\"@type\":\"EntryPoint\",\"urlTemplate\":\"https:\/\/eyvindartunga.is\/en\/?s={search_term_string}\"},\"query-input\":{\"@type\":\"PropertyValueSpecification\",\"valueRequired\":true,\"valueName\":\"search_term_string\"}}],\"inLanguage\":\"en-US\"},{\"@type\":\"Organization\",\"@id\":\"https:\/\/eyvindartunga.is\/en\/#organization\",\"name\":\"Eyvindartunga\",\"url\":\"https:\/\/eyvindartunga.is\/en\/\",\"logo\":{\"@type\":\"ImageObject\",\"inLanguage\":\"en-US\",\"@id\":\"https:\/\/eyvindartunga.is\/en\/#\/schema\/logo\/image\/\",\"url\":\"https:\/\/eyvindartunga.is\/wp-content\/uploads\/2023\/11\/2_H.upplausn_rautt.png\",\"contentUrl\":\"https:\/\/eyvindartunga.is\/wp-content\/uploads\/2023\/11\/2_H.upplausn_rautt.png\",\"width\":1200,\"height\":1201,\"caption\":\"Eyvindartunga\"},\"image\":{\"@id\":\"https:\/\/eyvindartunga.is\/en\/#\/schema\/logo\/image\/\"},\"sameAs\":[\"https:\/\/www.facebook.com\/Eyvindartunga\",\"https:\/\/www.instagram.com\/eyvindartunga\/?hl=en\"]}]}<\/script>\n<!-- \/ Yoast SEO plugin. -->","yoast_head_json":{"title":"Eyvindartunga - Thank you - Einst\u00f6k sveitaupplifun vi\u00f0 Laugarvatn","description":"Eyvindartunga is a farm by Laugarvatn, about an hour's distance (78 km) from Reykjav\u00edk. If you are looking for a weekend of tranquility, looking for a place for an unforgettable private party, group event or country wedding. Then Eyvindartunga is a great choice for you.","robots":{"index":"index","follow":"follow","max-snippet":"max-snippet:-1","max-image-preview":"max-image-preview:large","max-video-preview":"max-video-preview:-1"},"canonical":"https:\/\/eyvindartunga.is\/en\/thank-you\/","og_locale":"en_US","og_type":"article","og_title":"Eyvindartunga - Thank you - Einst\u00f6k sveitaupplifun vi\u00f0 Laugarvatn","og_description":"Eyvindartunga is a farm by Laugarvatn, about an hour's distance (78 km) from Reykjav\u00edk. If you are looking for a weekend of tranquility, looking for a place for an unforgettable private party, group event or country wedding. Then Eyvindartunga is a great choice for you.","og_url":"https:\/\/eyvindartunga.is\/en\/thank-you\/","og_site_name":"Eyvindartunga","article_publisher":"https:\/\/www.facebook.com\/Eyvindartunga","article_modified_time":"2024-04-12T10:48:27+00:00","og_image":[{"width":683,"height":1024,"url":"https:\/\/eyvindartunga.is\/wp-content\/uploads\/2023\/11\/1-Eyvindartunga2-Norris-Niman.jpg","type":"image\/jpeg"}],"twitter_card":"summary_large_image","twitter_misc":{"Est. reading time":"1 minute"},"schema":{"@context":"https:\/\/schema.org","@graph":[{"@type":"WebPage","@id":"https:\/\/eyvindartunga.is\/en\/thank-you\/","url":"https:\/\/eyvindartunga.is\/en\/thank-you\/","name":"Eyvindartunga - Thank you - Einst\u00f6k sveitaupplifun vi\u00f0 Laugarvatn","isPartOf":{"@id":"https:\/\/eyvindartunga.is\/en\/#website"},"datePublished":"2024-03-14T09:22:22+00:00","dateModified":"2024-04-12T10:48:27+00:00","description":"Eyvindartunga is a farm by Laugarvatn, about an hour's distance (78 km) from Reykjav\u00edk. If you are looking for a weekend of tranquility, looking for a place for an unforgettable private party, group event or country wedding. Then Eyvindartunga is a great choice for you.","breadcrumb":{"@id":"https:\/\/eyvindartunga.is\/en\/thank-you\/#breadcrumb"},"inLanguage":"en-US","potentialAction":[{"@type":"ReadAction","target":["https:\/\/eyvindartunga.is\/en\/thank-you\/"]}]},{"@type":"BreadcrumbList","@id":"https:\/\/eyvindartunga.is\/en\/thank-you\/#breadcrumb","itemListElement":[{"@type":"ListItem","position":1,"name":"Home","item":"https:\/\/eyvindartunga.is\/en\/"},{"@type":"ListItem","position":2,"name":"Thank you"}]},{"@type":"WebSite","@id":"https:\/\/eyvindartunga.is\/en\/#website","url":"https:\/\/eyvindartunga.is\/en\/","name":"Eyvindartunga","description":"Einst\u00f6k sveitaupplifun vi\u00f0 Laugarvatn","publisher":{"@id":"https:\/\/eyvindartunga.is\/en\/#organization"},"potentialAction":[{"@type":"SearchAction","target":{"@type":"EntryPoint","urlTemplate":"https:\/\/eyvindartunga.is\/en\/?s={search_term_string}"},"query-input":{"@type":"PropertyValueSpecification","valueRequired":true,"valueName":"search_term_string"}}],"inLanguage":"en-US"},{"@type":"Organization","@id":"https:\/\/eyvindartunga.is\/en\/#organization","name":"Eyvindartunga","url":"https:\/\/eyvindartunga.is\/en\/","logo":{"@type":"ImageObject","inLanguage":"en-US","@id":"https:\/\/eyvindartunga.is\/en\/#\/schema\/logo\/image\/","url":"https:\/\/eyvindartunga.is\/wp-content\/uploads\/2023\/11\/2_H.upplausn_rautt.png","contentUrl":"https:\/\/eyvindartunga.is\/wp-content\/uploads\/2023\/11\/2_H.upplausn_rautt.png","width":1200,"height":1201,"caption":"Eyvindartunga"},"image":{"@id":"https:\/\/eyvindartunga.is\/en\/#\/schema\/logo\/image\/"},"sameAs":["https:\/\/www.facebook.com\/Eyvindartunga","https:\/\/www.instagram.com\/eyvindartunga\/?hl=en"]}]}},"_links":{"self":[{"href":"https:\/\/eyvindartunga.is\/en\/wp-json\/wp\/v2\/pages\/840","targetHints":{"allow":["GET"]}}],"collection":[{"href":"https:\/\/eyvindartunga.is\/en\/wp-json\/wp\/v2\/pages"}],"about":[{"href":"https:\/\/eyvindartunga.is\/en\/wp-json\/wp\/v2\/types\/page"}],"author":[{"embeddable":true,"href":"https:\/\/eyvindartunga.is\/en\/wp-json\/wp\/v2\/users\/2"}],"replies":[{"embeddable":true,"href":"https:\/\/eyvindartunga.is\/en\/wp-json\/wp\/v2\/comments?post=840"}],"version-history":[{"count":3,"href":"https:\/\/eyvindartunga.is\/en\/wp-json\/wp\/v2\/pages\/840\/revisions"}],"predecessor-version":[{"id":843,"href":"https:\/\/eyvindartunga.is\/en\/wp-json\/wp\/v2\/pages\/840\/revisions\/843"}],"wp:attachment":[{"href":"https:\/\/eyvindartunga.is\/en\/wp-json\/wp\/v2\/media?parent=840"}],"curies":[{"name":"wp","href":"https:\/\/api.w.org\/{rel}","templated":true}]}}