{"id":829,"date":"2024-03-21T12:57:45","date_gmt":"2024-03-21T12:57:45","guid":{"rendered":"https:\/\/eyvindartunga.is\/contact-us\/"},"modified":"2024-04-12T10:15:58","modified_gmt":"2024-04-12T10:15:58","slug":"contact-us","status":"publish","type":"page","link":"https:\/\/eyvindartunga.is\/en\/contact-us\/","title":{"rendered":"Contact us"},"content":{"rendered":"\n[et_pb_section fb_built=&#8221;1&#8243; custom_padding_last_edited=&#8221;on|phone&#8221; module_id=&#8221;Contact us&#8221; module_class=&#8221;hafasamband&#8221; _builder_version=&#8221;4.24.2&#8243; _module_preset=&#8221;default&#8221; background_color=&#8221;#F9F9F9&#8243; custom_padding=&#8221;||170px|||&#8221; custom_padding_tablet=&#8221;&#8221; custom_padding_phone=&#8221;0px||0px||false|false&#8221; global_module=&#8221;523&#8243; saved_tabs=&#8221;all&#8221; global_colors_info=&#8221;{}&#8221;][et_pb_row _builder_version=&#8221;4.21.0&#8243; _module_preset=&#8221;default&#8221; global_colors_info=&#8221;{}&#8221;][et_pb_column type=&#8221;4_4&#8243; _builder_version=&#8221;4.21.0&#8243; _module_preset=&#8221;default&#8221; global_colors_info=&#8221;{}&#8221;][et_pb_text _builder_version=&#8221;4.24.2&#8243; _module_preset=&#8221;26c41002-a61c-477b-908e-e66362881049&#8243; text_orientation=&#8221;center&#8221; header_4_font_size_tablet=&#8221;12px&#8221; header_4_font_size_phone=&#8221;&#8221; header_4_font_size_last_edited=&#8221;on|phone&#8221; locked=&#8221;off&#8221; global_colors_info=&#8221;{}&#8221;]<h4>Let us hear from you<\/h4>[\/et_pb_text][et_pb_text _builder_version=&#8221;4.24.2&#8243; _module_preset=&#8221;3637f626-e0e8-4d8e-abcb-72c69a23ae31&#8243; header_2_font=&#8221;|600|||||||&#8221; header_2_font_size=&#8221;45px&#8221; text_orientation=&#8221;center&#8221; custom_margin=&#8221;||35px|||&#8221; header_2_font_size_tablet=&#8221;37px&#8221; header_2_font_size_phone=&#8221;28px&#8221; header_2_font_size_last_edited=&#8221;on|tablet&#8221; global_colors_info=&#8221;{}&#8221;]<h2>Contact us<\/h2>[\/et_pb_text][\/et_pb_column][\/et_pb_row][et_pb_row _builder_version=&#8221;4.23.1&#8243; _module_preset=&#8221;default&#8221; global_colors_info=&#8221;{}&#8221;][et_pb_column type=&#8221;4_4&#8243; _builder_version=&#8221;4.23.1&#8243; _module_preset=&#8221;default&#8221; global_colors_info=&#8221;{}&#8221;][et_pb_contact_form use_spam_service=&#8221;on&#8221; email=&#8221;info@eyvindartunga.is&#8221; custom_message=&#8221;Nafn: %%Name%%||et_pb_line_break_holder||S\u00edman\u00famer: %%Phone_number%%||et_pb_line_break_holder||Netfang: %%Email%%||et_pb_line_break_holder||Hva\u00f0 vantar \u00feig uppl\u00fdsingar um? %%Event%%||et_pb_line_break_holder||M\u00f6gulegar dagsetningar? %%Dates%%||et_pb_line_break_holder||Einhver frekari skilabo\u00f0? %%Message%%&#8221; use_redirect=&#8221;on&#8221; redirect_url=&#8221;https:\/\/eyvindartunga.is\/takk-fyrir\/&#8221; submit_button_text=&#8221;Send&#8221; _builder_version=&#8221;4.24.2&#8243; _module_preset=&#8221;default&#8221; _unique_id=&#8221;f7ad3253-4ed7-4d8a-806d-be1fd2f0ba51&#8243; form_field_background_color=&#8221;RGBA(255,255,255,0)&#8221; form_field_font_size=&#8221;20px&#8221; width=&#8221;79%&#8221; module_alignment=&#8221;center&#8221; hover_enabled=&#8221;0&#8243; border_width_bottom=&#8221;1px&#8221; global_colors_info=&#8221;{}&#8221; form_field_text_color=&#8221;#27292F&#8221; form_field_focus_background_color=&#8221;#efefef&#8221; form_field_focus_text_color=&#8221;#000000&#8243; sticky_enabled=&#8221;0&#8243;][et_pb_contact_field field_id=&#8221;Name&#8221; field_title=&#8221;Name&#8221; fullwidth_field=&#8221;on&#8221; _builder_version=&#8221;4.24.2&#8243; global_colors_info=&#8221;{}&#8221; button_text_size__hover_enabled=&#8221;off&#8221; button_one_text_size__hover_enabled=&#8221;off&#8221; button_two_text_size__hover_enabled=&#8221;off&#8221; button_text_color__hover_enabled=&#8221;off&#8221; button_one_text_color__hover_enabled=&#8221;off&#8221; button_two_text_color__hover_enabled=&#8221;off&#8221; button_border_width__hover_enabled=&#8221;off&#8221; button_one_border_width__hover_enabled=&#8221;off&#8221; button_two_border_width__hover_enabled=&#8221;off&#8221; button_border_color__hover_enabled=&#8221;off&#8221; button_one_border_color__hover_enabled=&#8221;off&#8221; button_two_border_color__hover_enabled=&#8221;off&#8221; button_border_radius__hover_enabled=&#8221;off&#8221; button_one_border_radius__hover_enabled=&#8221;off&#8221; button_two_border_radius__hover_enabled=&#8221;off&#8221; button_letter_spacing__hover_enabled=&#8221;off&#8221; button_one_letter_spacing__hover_enabled=&#8221;off&#8221; button_two_letter_spacing__hover_enabled=&#8221;off&#8221; button_bg_color__hover_enabled=&#8221;off&#8221; button_one_bg_color__hover_enabled=&#8221;off&#8221; button_two_bg_color__hover_enabled=&#8221;off&#8221;][\/et_pb_contact_field][et_pb_contact_field field_id=&#8221;Phone_number&#8221; field_title=&#8221;Phone number&#8221; _builder_version=&#8221;4.24.2&#8243; _module_preset=&#8221;default&#8221; global_colors_info=&#8221;{}&#8221;][\/et_pb_contact_field][et_pb_contact_field field_id=&#8221;Email&#8221; field_title=&#8221;Email&#8221; field_type=&#8221;email&#8221; _builder_version=&#8221;4.23.1&#8243; global_colors_info=&#8221;{}&#8221; button_text_size__hover_enabled=&#8221;off&#8221; button_one_text_size__hover_enabled=&#8221;off&#8221; button_two_text_size__hover_enabled=&#8221;off&#8221; button_text_color__hover_enabled=&#8221;off&#8221; button_one_text_color__hover_enabled=&#8221;off&#8221; button_two_text_color__hover_enabled=&#8221;off&#8221; button_border_width__hover_enabled=&#8221;off&#8221; button_one_border_width__hover_enabled=&#8221;off&#8221; button_two_border_width__hover_enabled=&#8221;off&#8221; button_border_color__hover_enabled=&#8221;off&#8221; button_one_border_color__hover_enabled=&#8221;off&#8221; button_two_border_color__hover_enabled=&#8221;off&#8221; button_border_radius__hover_enabled=&#8221;off&#8221; button_one_border_radius__hover_enabled=&#8221;off&#8221; button_two_border_radius__hover_enabled=&#8221;off&#8221; button_letter_spacing__hover_enabled=&#8221;off&#8221; button_one_letter_spacing__hover_enabled=&#8221;off&#8221; button_two_letter_spacing__hover_enabled=&#8221;off&#8221; button_bg_color__hover_enabled=&#8221;off&#8221; button_one_bg_color__hover_enabled=&#8221;off&#8221; button_two_bg_color__hover_enabled=&#8221;off&#8221;][\/et_pb_contact_field][et_pb_contact_field field_id=&#8221;Event&#8221; field_title=&#8221;What do you need information about?&#8221; field_type=&#8221;checkbox&#8221; checkbox_options=&#8221;%91{%22value%22:%22Weddings%22,%22checked%22:0,%22dragID%22:-1},{%22value%22:%22Naming or confirmation party%22,%22checked%22:0,%22dragID%22:0},{%22value%22:%22Corporate event%22,%22checked%22:0,%22dragID%22:1},{%22value%22:%22Meeting%22,%22checked%22:0,%22dragID%22:2},{%22value%22:%22Nightly rental%22,%22checked%22:0,%22dragID%22:3},{%22value%22:%22Weekend rental%22,%22checked%22:0,%22dragID%22:4},{%22value%22:%22Other%22,%22checked%22:0,%22dragID%22:5}%93&#8243; fullwidth_field=&#8221;on&#8221; _builder_version=&#8221;4.24.2&#8243; _module_preset=&#8221;default&#8221; global_colors_info=&#8221;{}&#8221;][\/et_pb_contact_field][et_pb_contact_field field_id=&#8221;Dates&#8221; field_title=&#8221;Possible dates?&#8221; fullwidth_field=&#8221;on&#8221; _builder_version=&#8221;4.24.2&#8243; _module_preset=&#8221;default&#8221; global_colors_info=&#8221;{}&#8221;][\/et_pb_contact_field][et_pb_contact_field field_id=&#8221;Message&#8221; field_title=&#8221;Any further messages?&#8221; field_type=&#8221;text&#8221; fullwidth_field=&#8221;on&#8221; _builder_version=&#8221;4.24.2&#8243; global_colors_info=&#8221;{}&#8221; button_text_size__hover_enabled=&#8221;off&#8221; button_one_text_size__hover_enabled=&#8221;off&#8221; button_two_text_size__hover_enabled=&#8221;off&#8221; button_text_color__hover_enabled=&#8221;off&#8221; button_one_text_color__hover_enabled=&#8221;off&#8221; button_two_text_color__hover_enabled=&#8221;off&#8221; button_border_width__hover_enabled=&#8221;off&#8221; button_one_border_width__hover_enabled=&#8221;off&#8221; button_two_border_width__hover_enabled=&#8221;off&#8221; button_border_color__hover_enabled=&#8221;off&#8221; button_one_border_color__hover_enabled=&#8221;off&#8221; button_two_border_color__hover_enabled=&#8221;off&#8221; button_border_radius__hover_enabled=&#8221;off&#8221; button_one_border_radius__hover_enabled=&#8221;off&#8221; button_two_border_radius__hover_enabled=&#8221;off&#8221; button_letter_spacing__hover_enabled=&#8221;off&#8221; button_one_letter_spacing__hover_enabled=&#8221;off&#8221; button_two_letter_spacing__hover_enabled=&#8221;off&#8221; button_bg_color__hover_enabled=&#8221;off&#8221; button_one_bg_color__hover_enabled=&#8221;off&#8221; button_two_bg_color__hover_enabled=&#8221;off&#8221;][\/et_pb_contact_field][\/et_pb_contact_form][\/et_pb_column][\/et_pb_row][\/et_pb_section]\n","protected":false},"excerpt":{"rendered":"<p>Let us hear from youContact us<\/p>\n","protected":false},"author":2,"featured_media":0,"parent":0,"menu_order":0,"comment_status":"closed","ping_status":"closed","template":"","meta":{"_et_pb_use_builder":"on","_et_pb_old_content":"","_et_gb_content_width":"","footnotes":""},"class_list":["post-829","page","type-page","status-publish","hentry"],"yoast_head":"<!-- This site is optimized with the Yoast SEO plugin v27.1.1 - https:\/\/yoast.com\/product\/yoast-seo-wordpress\/ -->\n<title>Eyvindartunga - Contact us<\/title>\n<meta name=\"description\" content=\"You can contact us at Eyvindartunga and get more information about weddings, events and hall rental.\" \/>\n<meta name=\"robots\" content=\"index, follow, max-snippet:-1, max-image-preview:large, max-video-preview:-1\" \/>\n<link rel=\"canonical\" href=\"https:\/\/eyvindartunga.is\/en\/contact-us\/\" \/>\n<meta property=\"og:locale\" content=\"en_US\" \/>\n<meta property=\"og:type\" content=\"article\" \/>\n<meta property=\"og:title\" content=\"Eyvindartunga - Contact us\" \/>\n<meta property=\"og:description\" content=\"You can contact us at Eyvindartunga and get more information about weddings, events and hall rental.\" \/>\n<meta property=\"og:url\" content=\"https:\/\/eyvindartunga.is\/en\/contact-us\/\" \/>\n<meta property=\"og:site_name\" content=\"Eyvindartunga\" \/>\n<meta property=\"article:publisher\" content=\"https:\/\/www.facebook.com\/Eyvindartunga\" \/>\n<meta property=\"article:modified_time\" content=\"2024-04-12T10:15:58+00:00\" \/>\n<meta property=\"og:image\" content=\"https:\/\/eyvindartunga.is\/wp-content\/uploads\/2023\/11\/1-Eyvindartunga2-Norris-Niman.jpg\" \/>\n\t<meta property=\"og:image:width\" content=\"683\" \/>\n\t<meta property=\"og:image:height\" content=\"1024\" \/>\n\t<meta property=\"og:image:type\" content=\"image\/jpeg\" \/>\n<meta name=\"twitter:card\" content=\"summary_large_image\" \/>\n<meta name=\"twitter:label1\" content=\"Est. reading time\" \/>\n\t<meta name=\"twitter:data1\" content=\"5 minutes\" \/>\n<script type=\"application\/ld+json\" class=\"yoast-schema-graph\">{\"@context\":\"https:\/\/schema.org\",\"@graph\":[{\"@type\":\"WebPage\",\"@id\":\"https:\/\/eyvindartunga.is\/en\/contact-us\/\",\"url\":\"https:\/\/eyvindartunga.is\/en\/contact-us\/\",\"name\":\"Eyvindartunga - Contact us\",\"isPartOf\":{\"@id\":\"https:\/\/eyvindartunga.is\/en\/#website\"},\"datePublished\":\"2024-03-21T12:57:45+00:00\",\"dateModified\":\"2024-04-12T10:15:58+00:00\",\"description\":\"You can contact us at Eyvindartunga and get more information about weddings, events and hall rental.\",\"breadcrumb\":{\"@id\":\"https:\/\/eyvindartunga.is\/en\/contact-us\/#breadcrumb\"},\"inLanguage\":\"en-US\",\"potentialAction\":[{\"@type\":\"ReadAction\",\"target\":[\"https:\/\/eyvindartunga.is\/en\/contact-us\/\"]}]},{\"@type\":\"BreadcrumbList\",\"@id\":\"https:\/\/eyvindartunga.is\/en\/contact-us\/#breadcrumb\",\"itemListElement\":[{\"@type\":\"ListItem\",\"position\":1,\"name\":\"Home\",\"item\":\"https:\/\/eyvindartunga.is\/en\/\"},{\"@type\":\"ListItem\",\"position\":2,\"name\":\"Contact us\"}]},{\"@type\":\"WebSite\",\"@id\":\"https:\/\/eyvindartunga.is\/en\/#website\",\"url\":\"https:\/\/eyvindartunga.is\/en\/\",\"name\":\"Eyvindartunga\",\"description\":\"Einst\u00f6k sveitaupplifun vi\u00f0 Laugarvatn\",\"publisher\":{\"@id\":\"https:\/\/eyvindartunga.is\/en\/#organization\"},\"potentialAction\":[{\"@type\":\"SearchAction\",\"target\":{\"@type\":\"EntryPoint\",\"urlTemplate\":\"https:\/\/eyvindartunga.is\/en\/?s={search_term_string}\"},\"query-input\":{\"@type\":\"PropertyValueSpecification\",\"valueRequired\":true,\"valueName\":\"search_term_string\"}}],\"inLanguage\":\"en-US\"},{\"@type\":\"Organization\",\"@id\":\"https:\/\/eyvindartunga.is\/en\/#organization\",\"name\":\"Eyvindartunga\",\"url\":\"https:\/\/eyvindartunga.is\/en\/\",\"logo\":{\"@type\":\"ImageObject\",\"inLanguage\":\"en-US\",\"@id\":\"https:\/\/eyvindartunga.is\/en\/#\/schema\/logo\/image\/\",\"url\":\"https:\/\/eyvindartunga.is\/wp-content\/uploads\/2023\/11\/2_H.upplausn_rautt.png\",\"contentUrl\":\"https:\/\/eyvindartunga.is\/wp-content\/uploads\/2023\/11\/2_H.upplausn_rautt.png\",\"width\":1200,\"height\":1201,\"caption\":\"Eyvindartunga\"},\"image\":{\"@id\":\"https:\/\/eyvindartunga.is\/en\/#\/schema\/logo\/image\/\"},\"sameAs\":[\"https:\/\/www.facebook.com\/Eyvindartunga\",\"https:\/\/www.instagram.com\/eyvindartunga\/?hl=en\"]}]}<\/script>\n<!-- \/ Yoast SEO plugin. -->","yoast_head_json":{"title":"Eyvindartunga - Contact us","description":"You can contact us at Eyvindartunga and get more information about weddings, events and hall rental.","robots":{"index":"index","follow":"follow","max-snippet":"max-snippet:-1","max-image-preview":"max-image-preview:large","max-video-preview":"max-video-preview:-1"},"canonical":"https:\/\/eyvindartunga.is\/en\/contact-us\/","og_locale":"en_US","og_type":"article","og_title":"Eyvindartunga - Contact us","og_description":"You can contact us at Eyvindartunga and get more information about weddings, events and hall rental.","og_url":"https:\/\/eyvindartunga.is\/en\/contact-us\/","og_site_name":"Eyvindartunga","article_publisher":"https:\/\/www.facebook.com\/Eyvindartunga","article_modified_time":"2024-04-12T10:15:58+00:00","og_image":[{"width":683,"height":1024,"url":"https:\/\/eyvindartunga.is\/wp-content\/uploads\/2023\/11\/1-Eyvindartunga2-Norris-Niman.jpg","type":"image\/jpeg"}],"twitter_card":"summary_large_image","twitter_misc":{"Est. reading time":"5 minutes"},"schema":{"@context":"https:\/\/schema.org","@graph":[{"@type":"WebPage","@id":"https:\/\/eyvindartunga.is\/en\/contact-us\/","url":"https:\/\/eyvindartunga.is\/en\/contact-us\/","name":"Eyvindartunga - Contact us","isPartOf":{"@id":"https:\/\/eyvindartunga.is\/en\/#website"},"datePublished":"2024-03-21T12:57:45+00:00","dateModified":"2024-04-12T10:15:58+00:00","description":"You can contact us at Eyvindartunga and get more information about weddings, events and hall rental.","breadcrumb":{"@id":"https:\/\/eyvindartunga.is\/en\/contact-us\/#breadcrumb"},"inLanguage":"en-US","potentialAction":[{"@type":"ReadAction","target":["https:\/\/eyvindartunga.is\/en\/contact-us\/"]}]},{"@type":"BreadcrumbList","@id":"https:\/\/eyvindartunga.is\/en\/contact-us\/#breadcrumb","itemListElement":[{"@type":"ListItem","position":1,"name":"Home","item":"https:\/\/eyvindartunga.is\/en\/"},{"@type":"ListItem","position":2,"name":"Contact us"}]},{"@type":"WebSite","@id":"https:\/\/eyvindartunga.is\/en\/#website","url":"https:\/\/eyvindartunga.is\/en\/","name":"Eyvindartunga","description":"Einst\u00f6k sveitaupplifun vi\u00f0 Laugarvatn","publisher":{"@id":"https:\/\/eyvindartunga.is\/en\/#organization"},"potentialAction":[{"@type":"SearchAction","target":{"@type":"EntryPoint","urlTemplate":"https:\/\/eyvindartunga.is\/en\/?s={search_term_string}"},"query-input":{"@type":"PropertyValueSpecification","valueRequired":true,"valueName":"search_term_string"}}],"inLanguage":"en-US"},{"@type":"Organization","@id":"https:\/\/eyvindartunga.is\/en\/#organization","name":"Eyvindartunga","url":"https:\/\/eyvindartunga.is\/en\/","logo":{"@type":"ImageObject","inLanguage":"en-US","@id":"https:\/\/eyvindartunga.is\/en\/#\/schema\/logo\/image\/","url":"https:\/\/eyvindartunga.is\/wp-content\/uploads\/2023\/11\/2_H.upplausn_rautt.png","contentUrl":"https:\/\/eyvindartunga.is\/wp-content\/uploads\/2023\/11\/2_H.upplausn_rautt.png","width":1200,"height":1201,"caption":"Eyvindartunga"},"image":{"@id":"https:\/\/eyvindartunga.is\/en\/#\/schema\/logo\/image\/"},"sameAs":["https:\/\/www.facebook.com\/Eyvindartunga","https:\/\/www.instagram.com\/eyvindartunga\/?hl=en"]}]}},"_links":{"self":[{"href":"https:\/\/eyvindartunga.is\/en\/wp-json\/wp\/v2\/pages\/829","targetHints":{"allow":["GET"]}}],"collection":[{"href":"https:\/\/eyvindartunga.is\/en\/wp-json\/wp\/v2\/pages"}],"about":[{"href":"https:\/\/eyvindartunga.is\/en\/wp-json\/wp\/v2\/types\/page"}],"author":[{"embeddable":true,"href":"https:\/\/eyvindartunga.is\/en\/wp-json\/wp\/v2\/users\/2"}],"replies":[{"embeddable":true,"href":"https:\/\/eyvindartunga.is\/en\/wp-json\/wp\/v2\/comments?post=829"}],"version-history":[{"count":2,"href":"https:\/\/eyvindartunga.is\/en\/wp-json\/wp\/v2\/pages\/829\/revisions"}],"predecessor-version":[{"id":831,"href":"https:\/\/eyvindartunga.is\/en\/wp-json\/wp\/v2\/pages\/829\/revisions\/831"}],"wp:attachment":[{"href":"https:\/\/eyvindartunga.is\/en\/wp-json\/wp\/v2\/media?parent=829"}],"curies":[{"name":"wp","href":"https:\/\/api.w.org\/{rel}","templated":true}]}}